{"id":19,"date":"2024-01-14T16:22:34","date_gmt":"2024-01-14T15:22:34","guid":{"rendered":"http:\/\/akashahealing.de\/?page_id=19"},"modified":"2026-01-27T18:48:13","modified_gmt":"2026-01-27T17:48:13","slug":"akasha-healing","status":"publish","type":"page","link":"https:\/\/akashahealing.de\/","title":{"rendered":"Akasha Healing Jessika Witt &#8211; Heilerin, Jenseitsmedium und Akasha Readerin"},"content":{"rendered":"\n<p>Dein Weg zu Gesundheit und Einklang von K\u00f6rper, Geist &amp; Seele mit 1 Termin<\/p>\n\n\n\n<p>Ich freue mich, dass Du den Weg auf der Suche nach Heilung zu mir gefunden hast! Als zertifizierte Geistheilerin, Medium und Aksha Readerin m\u00f6chte ich Dich auf Deinem Weg zu mehr Gesundheit und Lebensfreude unterst\u00fctzen. In meinem Behandlungsraum helfe ich Menschen jeden Alters \u2013 von Kindern \u00fcber Erwachsene bis hin zu unseren geliebten Tieren \u2013 dabei, k\u00f6rperliche und psychische Krankheiten bzw. Themen zu \u00fcberwinden. Geistiges Heilen aktiviert deine Selbstheilungskr\u00e4fte, unterst\u00fctzt dich beim Wahrnehmen deiner Eigenverantwortung und f\u00f6rdert deine Heilung im ganzheitlichen Sinne.<\/p>\n\n\n\n<p>Unterst\u00fctzend oder separat biete ich als spirituelle Lebensberatung Akasha Lesungen an. Beim Lesen in Deiner Akasha Chronik werden Dir Dein Seelenweg, Talente, Muster, Blockaden und vieles mehr aufgezeigt. Hier ist es auch m\u00f6glich, in vergangene Inkarnationen zu schauen und auf Seelenebene Verstorbene zu treffen.<\/p>\n\n\n\n<p>Kontaktiere mich gerne f\u00fcr ein unverbindliches Gespr\u00e4ch oder einen Termin. Ich freue mich sehr darauf, Dich kennenzulernen und Dich auf Deinem Weg zur Heilung zu unterst\u00fctzen!<\/p>\n\n\n\n<p>Herzlichst,<\/p>\n\n\n\n<figure class=\"wp-block-image size-large is-resized\"><img loading=\"lazy\" decoding=\"async\" width=\"768\" height=\"1024\" src=\"https:\/\/akashahealing.de\/wp-content\/uploads\/2026\/01\/IMG-20250924-WA0001-768x1024.jpg\" alt=\"\" class=\"wp-image-169\" style=\"width:230px;height:auto\" srcset=\"https:\/\/akashahealing.de\/wp-content\/uploads\/2026\/01\/IMG-20250924-WA0001-768x1024.jpg 768w, https:\/\/akashahealing.de\/wp-content\/uploads\/2026\/01\/IMG-20250924-WA0001-225x300.jpg 225w, https:\/\/akashahealing.de\/wp-content\/uploads\/2026\/01\/IMG-20250924-WA0001-1152x1536.jpg 1152w, https:\/\/akashahealing.de\/wp-content\/uploads\/2026\/01\/IMG-20250924-WA0001.jpg 1200w\" sizes=\"auto, (max-width: 768px) 100vw, 768px\" \/><\/figure>\n\n\n\n<p>Jessika Witt <\/p>\n\n\n\n<p>ausgebildete zertifizierte Geistheilerin<\/p>\n\n\n\n<p>Lizenzierte AKASHA Life\u00ae MASTER MIND-Readerin<\/p>\n\n\n\n<p>Jenseitsmedium nach AKASHA Life\u00ae<\/p>\n\n\n\n<p>Ahnenheilung nach AKASHA Life\u00ae<\/p>\n\n\n\n<div class=\"wp-block-group alignfull has-accent-4-background-color has-background\" style=\"margin-top:0;margin-bottom:0;padding-top:var(--wp--preset--spacing--50);padding-right:var(--wp--preset--spacing--50);padding-bottom:var(--wp--preset--spacing--50);padding-left:var(--wp--preset--spacing--50)\"><div class=\"wp-block-group__inner-container is-layout-constrained wp-container-core-group-is-layout-9cf8f26d wp-block-group-is-layout-constrained\">\n<div class=\"wp-block-columns alignwide is-layout-flex wp-container-core-columns-is-layout-1a7dd963 wp-block-columns-is-layout-flex\">\n<div class=\"wp-block-column is-layout-flow wp-block-column-is-layout-flow\"><\/div>\n\n\n\n<div class=\"wp-block-column is-layout-flow wp-block-column-is-layout-flow\"><\/div>\n<\/div>\n<\/div><\/div>\n\n\n\n<div class=\"wp-block-group alignfull has-accent-5-background-color has-background\" style=\"margin-top:0;margin-bottom:0;padding-top:var(--wp--preset--spacing--50);padding-right:var(--wp--preset--spacing--50);padding-bottom:var(--wp--preset--spacing--50);padding-left:var(--wp--preset--spacing--50)\"><div class=\"wp-block-group__inner-container is-layout-constrained wp-container-core-group-is-layout-9cf8f26d wp-block-group-is-layout-constrained\">\n<div class=\"wp-block-columns alignwide is-layout-flex wp-container-core-columns-is-layout-4d397ad4 wp-block-columns-is-layout-flex\">\n<div class=\"wp-block-column is-vertically-aligned-center is-layout-flow wp-block-column-is-layout-flow\" style=\"flex-basis:60%\"><\/div>\n<\/div>\n<\/div><\/div>\n\n\n\n\n\n<div class=\"wp-block-group alignfull\" style=\"margin-top:0;margin-bottom:0;padding-top:var(--wp--preset--spacing--50);padding-right:var(--wp--preset--spacing--50);padding-bottom:var(--wp--preset--spacing--50);padding-left:var(--wp--preset--spacing--50)\"><div class=\"wp-block-group__inner-container is-layout-constrained wp-container-core-group-is-layout-9cf8f26d wp-block-group-is-layout-constrained\">\n<div class=\"wp-block-columns alignwide are-vertically-aligned-center is-layout-flex wp-container-core-columns-is-layout-30f78326 wp-block-columns-is-layout-flex\">\n<div class=\"wp-block-column is-vertically-aligned-center is-layout-flow wp-block-column-is-layout-flow\" style=\"flex-basis:50%\"><\/div>\n\n\n\n<div class=\"wp-block-column is-vertically-aligned-center is-layout-flow wp-block-column-is-layout-flow\" style=\"flex-basis:50%\"><\/div>\n<\/div>\n<\/div><\/div>\n","protected":false},"excerpt":{"rendered":"<p>Dein Weg zu Gesundheit und Einklang von K\u00f6rper, Geist &amp; Seele mit 1 Termin Ich freue mich, dass Du den Weg auf der Suche nach Heilung zu mir gefunden hast! Als zertifizierte Geistheilerin, Medium und Aksha Readerin m\u00f6chte ich Dich &hellip; <a href=\"https:\/\/akashahealing.de\/\">Weiterlesen <span class=\"meta-nav\">&rarr;<\/span><\/a><\/p>\n","protected":false},"author":1,"featured_media":0,"parent":0,"menu_order":0,"comment_status":"closed","ping_status":"closed","template":"","meta":{"footnotes":""},"class_list":["post-19","page","type-page","status-publish","hentry"],"_links":{"self":[{"href":"https:\/\/akashahealing.de\/index.php?rest_route=\/wp\/v2\/pages\/19","targetHints":{"allow":["GET"]}}],"collection":[{"href":"https:\/\/akashahealing.de\/index.php?rest_route=\/wp\/v2\/pages"}],"about":[{"href":"https:\/\/akashahealing.de\/index.php?rest_route=\/wp\/v2\/types\/page"}],"author":[{"embeddable":true,"href":"https:\/\/akashahealing.de\/index.php?rest_route=\/wp\/v2\/users\/1"}],"replies":[{"embeddable":true,"href":"https:\/\/akashahealing.de\/index.php?rest_route=%2Fwp%2Fv2%2Fcomments&post=19"}],"version-history":[{"count":23,"href":"https:\/\/akashahealing.de\/index.php?rest_route=\/wp\/v2\/pages\/19\/revisions"}],"predecessor-version":[{"id":170,"href":"https:\/\/akashahealing.de\/index.php?rest_route=\/wp\/v2\/pages\/19\/revisions\/170"}],"wp:attachment":[{"href":"https:\/\/akashahealing.de\/index.php?rest_route=%2Fwp%2Fv2%2Fmedia&parent=19"}],"curies":[{"name":"wp","href":"https:\/\/api.w.org\/{rel}","templated":true}]}}